{"id":1605,"date":"2026-01-04T18:53:00","date_gmt":"2026-01-04T17:53:00","guid":{"rendered":"https:\/\/www.cycladometrik.com\/?page_id=1605"},"modified":"2026-01-04T22:56:55","modified_gmt":"2026-01-04T21:56:55","slug":"biook","status":"publish","type":"page","link":"https:\/\/www.cycladometrik.com\/index.php\/biook\/","title":{"rendered":""},"content":{"rendered":"\n<div class=\"wp-block-columns alignfull is-layout-flex wp-container-core-columns-is-layout-28f84493 wp-block-columns-is-layout-flex\">\n<div class=\"wp-block-column is-vertically-aligned-center is-layout-flow wp-block-column-is-layout-flow\" style=\"padding-top:1em;padding-right:1em;padding-bottom:1em;padding-left:1em\">\n<div class=\"wp-block-group is-layout-constrained wp-block-group-is-layout-constrained\">\n<p class=\"has-small-font-size\"><\/p>\n<\/div>\n<\/div>\n<\/div>\n\n\n\n<p class=\"has-helvetica-font-family\" style=\"font-size:clamp(1.092rem, 1.092rem + ((1vw - 0.2rem) * -3.158), 1.7rem);\">Artiste-photographe autodidacte Jos\u00e9 BACHIR exprime son ressenti, sa vision au travers de la photographie sous la forme d&rsquo;une abstraction r\u00e9aliste.<\/p>\n\n\n\n<p class=\"has-helvetica-font-family\" style=\"font-size:clamp(1.092rem, 1.092rem + ((1vw - 0.2rem) * -3.158), 1.7rem);\">L\u2019architecture cycladique, l&rsquo;harmonie des couleurs, la puret\u00e9 des formes et l&rsquo;intensit\u00e9 de la lumi\u00e8re deviennent sa premi\u00e8re source d\u2019inspiration majeure, nourrissant son travail et \u00e9veillant sa cr\u00e9ativit\u00e9. Avec le temps, son approche \u00e9volue, explorant de nouveaux lieux et enrichissant son langage artistique.<\/p>\n\n\n\n<p class=\"has-helvetica-font-family\" style=\"font-size:clamp(1.092rem, 1.092rem + ((1vw - 0.2rem) * -3.158), 1.7rem);\">Il joue aussi avec les reflets, cr\u00e9ant des illusions et des perspectives changeantes.<\/p>\n\n\n\n<p class=\"has-helvetica-font-family\" style=\"font-size:clamp(1.092rem, 1.092rem + ((1vw - 0.2rem) * -3.158), 1.7rem);\">Ses \u0153uvres capturent l\u2019interaction entre lumi\u00e8re, structure et reflets pour composer des images abstraites qui interrogent notre perception du r\u00e9el. Son sens aigu du d\u00e9tail transpara\u00eet dans le soin apport\u00e9 aux formes, aux couleurs et aux contrastes, o\u00f9 rigueur g\u00e9om\u00e9trique et sensibilit\u00e9 s\u2019entrelacent harmonieusement.<\/p>\n\n\n\n<p class=\"has-helvetica-font-family\" style=\"font-size:clamp(1.092rem, 1.092rem + ((1vw - 0.2rem) * -3.158), 1.7rem);\">Pour Jos\u00e9 Bachir, l\u2019essence de son travail r\u00e9side dans le partage d\u2019une vision singuli\u00e8re. Il invite chacun \u00e0 porter un regard diff\u00e9rent sur son environnement, \u00e0 voir au-del\u00e0 du visible&#8230;<\/p>\n\n\n\n<p class=\"has-helvetica-font-family\" style=\"font-size:clamp(1.146rem, 1.146rem + ((1vw - 0.2rem) * -3.397), 1.8rem);\"><\/p>\n\n\n\n<p><\/p>\n","protected":false},"excerpt":{"rendered":"<p>Artiste-photographe autodidacte Jos\u00e9 BACHIR exprime son ressenti, sa vision au travers de la photographie sous la forme d&rsquo;une abstraction r\u00e9aliste. L\u2019architecture cycladique, l&rsquo;harmonie des couleurs, la puret\u00e9 des formes et l&rsquo;intensit\u00e9 de la lumi\u00e8re deviennent sa premi\u00e8re source d\u2019inspiration majeure, nourrissant son travail et \u00e9veillant sa cr\u00e9ativit\u00e9. Avec le temps, son approche \u00e9volue, explorant de [&hellip;]<\/p>\n","protected":false},"author":1,"featured_media":0,"parent":0,"menu_order":5,"comment_status":"closed","ping_status":"closed","template":"","meta":{"ngg_post_thumbnail":0,"footnotes":""},"class_list":["post-1605","page","type-page","status-publish","hentry"],"_links":{"self":[{"href":"https:\/\/www.cycladometrik.com\/index.php\/wp-json\/wp\/v2\/pages\/1605","targetHints":{"allow":["GET"]}}],"collection":[{"href":"https:\/\/www.cycladometrik.com\/index.php\/wp-json\/wp\/v2\/pages"}],"about":[{"href":"https:\/\/www.cycladometrik.com\/index.php\/wp-json\/wp\/v2\/types\/page"}],"author":[{"embeddable":true,"href":"https:\/\/www.cycladometrik.com\/index.php\/wp-json\/wp\/v2\/users\/1"}],"replies":[{"embeddable":true,"href":"https:\/\/www.cycladometrik.com\/index.php\/wp-json\/wp\/v2\/comments?post=1605"}],"version-history":[{"count":49,"href":"https:\/\/www.cycladometrik.com\/index.php\/wp-json\/wp\/v2\/pages\/1605\/revisions"}],"predecessor-version":[{"id":1763,"href":"https:\/\/www.cycladometrik.com\/index.php\/wp-json\/wp\/v2\/pages\/1605\/revisions\/1763"}],"wp:attachment":[{"href":"https:\/\/www.cycladometrik.com\/index.php\/wp-json\/wp\/v2\/media?parent=1605"}],"curies":[{"name":"wp","href":"https:\/\/api.w.org\/{rel}","templated":true}]}}